{"id":2,"date":"2009-09-02T09:07:34","date_gmt":"2009-09-02T07:07:34","guid":{"rendered":"http:\/\/scoala24.eduteca.ro\/?page_id=2"},"modified":"2026-03-20T10:41:35","modified_gmt":"2026-03-20T08:41:35","slug":"contact","status":"publish","type":"page","link":"https:\/\/scoala24.eduteca.ro\/?page_id=2","title":{"rendered":"CONTACT"},"content":{"rendered":"<h3>ADRESA:<\/h3>\n<p>Str. Tunari Nr. 52 Sector 2 Bucure\u0219ti<\/p>\n<p>TELEFON SECRETARIAT: <strong>021-2107185<\/strong><\/p>\n<p>TELEFON CABINET MEDICAL: <strong>0756666929<\/strong><\/p>\n<p>e-mail:<strong> scoala24buc@yahoo.com<\/strong><\/p>\n<p>Pagina \u0218colii nr. 24 pe Facebook: <a href=\"https:\/\/www.facebook.com\/scoala24bucuresti\" target=\"_blank\" rel=\"noopener noreferrer\">https:\/\/www.facebook.com\/scoala24bucuresti<\/a><\/p>\n<p>\u015ecoala cu clasele I-VIII Nr. 24 este situat\u0103 \u00een zona central\u0103 a ora\u0219ului beneficiind de un num\u0103r mare de mijloace de transport, ceea ce face s\u0103 fie u\u0219or accesibil\u0103 pentru diferitele sectoare ale capitalei. \u00cen apropierea \u0219colii se afl\u0103 clubul sportiv DINAMO unde mul\u021bi elevi practic\u0103 diverse sporturi de performan\u021b\u0103.<\/p>\n<p>Mijloace de transport:<\/p>\n<h3>Tramvaie:<\/h3>\n<ul>\n<li>5- Sta\u0163ia \u015etefan cel Mare;<\/li>\n<li>34, 46- Sta\u0163ia Stadionul Dinamo;<\/li>\n<\/ul>\n<h3>Autobuze:<\/h3>\n<ul>\n<li>330, 335- Sta\u0163ia Perla sau Spitalul Colentina;<\/li>\n<li>135- Sta\u0163ia Mihai Eminescu;<\/li>\n<li>Metrou- Sta\u0163ia \u015etefan cel Mare<\/li>\n<\/ul>\n<p><iframe loading=\"lazy\" style=\"border: 0px currentColor;\" src=\"https:\/\/www.google.com\/maps\/embed?pb=!1m16!1m12!1m3!1d2848.1453203535225!2d26.108753287761097!3d44.45069131348581!2m3!1f0!2f0!3f0!3m2!1i1024!2i768!4f13.1!2m1!1sStr.Tunari+Nr.+52+scoala+24!5e0!3m2!1sen!2s!4v1395739225632\" width=\"530\" height=\"400\" frameborder=\"0\"><\/iframe><\/p>\n<p style=\"text-align: center;\"><span style=\"color: #000080;\"><strong>TRIMITE UN MESAJ:<\/strong><\/span><\/p>\n<p class=\"wpcf7-contact-form-not-found\"><strong>Eroare:<\/strong> Nu am g\u0103sit formularul de contact.<\/p>\n","protected":false},"excerpt":{"rendered":"<p>ADRESA: Str. Tunari Nr. 52 Sector 2 Bucure\u0219ti TELEFON SECRETARIAT: 021-2107185 TELEFON CABINET MEDICAL: 0756666929 e-mail: scoala24buc@yahoo.com Pagina \u0218colii nr. 24 pe Facebook: https:\/\/www.facebook.com\/scoala24bucuresti \u015ecoala cu clasele I-VIII Nr. 24 este situat\u0103 \u00een zona central\u0103 a ora\u0219ului beneficiind de un <a href=\"https:\/\/scoala24.eduteca.ro\/?page_id=2\" class=\"read-more\">Read More &#8230;<\/a><\/p>\n","protected":false},"author":1,"featured_media":0,"parent":0,"menu_order":17,"comment_status":"closed","ping_status":"closed","template":"","meta":{"ngg_post_thumbnail":0,"footnotes":""},"class_list":["post-2","page","type-page","status-publish","hentry"],"_links":{"self":[{"href":"https:\/\/scoala24.eduteca.ro\/index.php?rest_route=\/wp\/v2\/pages\/2","targetHints":{"allow":["GET"]}}],"collection":[{"href":"https:\/\/scoala24.eduteca.ro\/index.php?rest_route=\/wp\/v2\/pages"}],"about":[{"href":"https:\/\/scoala24.eduteca.ro\/index.php?rest_route=\/wp\/v2\/types\/page"}],"author":[{"embeddable":true,"href":"https:\/\/scoala24.eduteca.ro\/index.php?rest_route=\/wp\/v2\/users\/1"}],"replies":[{"embeddable":true,"href":"https:\/\/scoala24.eduteca.ro\/index.php?rest_route=%2Fwp%2Fv2%2Fcomments&post=2"}],"version-history":[{"count":25,"href":"https:\/\/scoala24.eduteca.ro\/index.php?rest_route=\/wp\/v2\/pages\/2\/revisions"}],"predecessor-version":[{"id":3640,"href":"https:\/\/scoala24.eduteca.ro\/index.php?rest_route=\/wp\/v2\/pages\/2\/revisions\/3640"}],"wp:attachment":[{"href":"https:\/\/scoala24.eduteca.ro\/index.php?rest_route=%2Fwp%2Fv2%2Fmedia&parent=2"}],"curies":[{"name":"wp","href":"https:\/\/api.w.org\/{rel}","templated":true}]}}