{"id":34,"date":"2009-09-02T14:06:30","date_gmt":"2009-09-02T12:06:30","guid":{"rendered":"http:\/\/scoala24.eduteca.ro\/?page_id=34"},"modified":"2025-10-08T21:39:13","modified_gmt":"2025-10-08T18:39:13","slug":"oferta-noastra","status":"publish","type":"page","link":"https:\/\/scoala24.eduteca.ro\/?page_id=34","title":{"rendered":"OFERTA NOASTR\u0102"},"content":{"rendered":"<p style=\"text-align: center;\"><strong><span style=\"color: #ff0000;\">MISIUNEA \u0218COLII:<\/span><br \/>\n<\/strong><\/p>\n<p>\u015ecoala Gimnazial\u0103 nr 24 Bucure\u0219ti este o unitate de \u00eenv\u0103\u0163\u0103m\u00e2nt de stat, cu nivel de \u015fcolarizare primar \u015fi gimnazial, aflat\u0103 \u00een slujba comunit\u0103\u0163ii \u015fi care are ca principale deziderate:<\/p>\n<ul>\n<li>asigurarea condi\u0163iilor necesare <span style=\"color: #333399;\"><em><strong>particip\u0103rii tuturor copiilor la educa\u0163ie<\/strong><\/em><\/span>, inclusiv a celor cu risc educa\u0163ional, a celor cu nevoi educa\u0163ionale speciale, dar \u015fi a copiilor supradota\u0163i\/capabili de performan\u0163\u0103;<\/li>\n<li>formarea autentic\u0103 de <span style=\"color: #333399;\"><em><strong>competen\u0163e-cheie<\/strong><\/em><\/span> prin instruire diferen\u0163iat\u0103 \u015fi individualizat\u0103;<\/li>\n<li>generarea de performan\u0163\u0103 \u00een \u00eenv\u0103\u0163are prin promovarea unui model de educa\u0163ie care pune accentul pe dimensiunea de <span style=\"color: #333399;\"><strong><em>stare de bine<\/em><\/strong> <em><strong>a elevului.<\/strong><\/em><\/span><\/li>\n<\/ul>\n<p style=\"text-align: center;\"><span style=\"color: #ff0000;\"><strong>VIZIUNEA \u015eCOLII<\/strong><\/span><\/p>\n<ul>\n<li>Pornind de la deviza <span style=\"color: #333399;\"><em><strong>&#8222;Un om instruit este un om puternic&#8221;<\/strong><\/em><\/span> avem convingerea c\u0103 fiecare elev poate evolua adecvat, dac\u0103 este v\u0103zut ca o persoan\u0103 autonom\u0103, dac\u0103 beneficiaz\u0103 de un context favorabil dezvolt\u0103rii unor rela\u0163ii de calitate cu profesorii \u015fi colegii, dac\u0103 este tratat echitabil \u015fi dac\u0103 toate elementele mediului \u015fcolar \u00eei poten\u0163eaz\u0103 cre\u015fterea. De aceea ne propunem s\u0103 devenim o \u015fcoal\u0103 modern\u0103, dinamic\u0103, incluziv\u0103, deschis\u0103 valorilor europene, o \u015fcoal\u0103 care transform\u0103 copilul \u00eentr-un adult responsabil, integrat social \u015fi profesional, capabil s\u0103 contribuie la dezvoltarea durabil\u0103 a societ\u0103\u0163ii.<\/li>\n<\/ul>\n<p style=\"text-align: center;\"><span style=\"color: #ff0000;\"><strong>VALORI PROMOVATE<\/strong><\/span><\/p>\n<ul>\n<li><strong><span style=\"color: #333399;\">respectul<\/span><\/strong>&#8211; pentru sine, pentru alte persoane, pentru drepturile omului, diversitate, mediul \u00eenconjur\u0103tor;<\/li>\n<li><strong><span style=\"color: #333399;\">responsabilitatea<\/span><\/strong> &#8211; r\u0103spundere asumat\u0103 pentru comportamentul \u015fi ac\u0163iunile proprii;<\/li>\n<li><strong><span style=\"color: #333399;\">integritatea<\/span><\/strong> &#8211; onestitate, atitudine etic\u0103;<\/li>\n<li><strong><span style=\"color: #333399;\">echitatea<\/span><\/strong> &#8211; asumarea unui comportament proactiv, de eliminare a unor bariere determinate de caracteristici personale sau sociale (gen, statut socio-economic, etnie, religie etc.);<\/li>\n<li><strong><span style=\"color: #333399;\">inova\u0163ia<\/span><\/strong>&#8211; deschiderea spre schimbare, spre generarea de noi idei \u015fi punerea lor \u00een practic\u0103;<\/li>\n<li><strong><span style=\"color: #333399;\">excelen\u0163a<\/span><\/strong> &#8211; aspira\u0163ia spre performan\u0163\u0103, \u00een acord cu poten\u0163ialul fiec\u0103ruia;<\/li>\n<li><span style=\"color: #333399;\"><strong>perseveren\u0163a<\/strong><\/span> &#8211; r\u0103bdare \u015fi tenacitate \u00een munc\u0103; adaptarea la situa\u0163ii nefavorabile \u015fi dep\u0103\u015firea lor;<\/li>\n<li><span style=\"color: #333399;\"><strong>cet\u0103\u0163enia activ\u0103<\/strong><\/span> &#8211; solidaritate \u015fi participare pentru binele comun.<\/li>\n<\/ul>\n<p style=\"text-align: center;\"><span style=\"color: #ff0000;\"><strong>ACTIVIT\u0102\u021aI EXTRACURRICULARE (CLUBURI, CERCURI)<\/strong><\/span><\/p>\n<ul>\n<li>Limbi str\u0103ine: englez\u0103, german\u0103;<\/li>\n<li>Baschet, tenis, karate, fotbal, dans modern;<\/li>\n<li>Cluburi: protec\u021bia mediului, teatru, jurnalism, \u0219ah, educa\u021bie plastic\u0103.<\/li>\n<\/ul>\n<p style=\"text-align: center;\"><span style=\"color: #ff0000;\"><strong><span style=\"text-decoration: underline;\">ACTIVIT\u0102\u021aI EXTRA\u0218COLARE<\/span><\/strong><\/span><\/p>\n<ul>\n<li>excursii tematice, vizite \u015fi drume\u0163ii \u00een cele mai frumoase zone ale \u0163\u0103rii;<\/li>\n<li>vizion\u0103ri de spectacole pentru copii la Teatrul T\u0103nd\u0103ric\u0103, Teatrul Ion Creang\u0103, Opera Rom\u00e2n\u0103, Opereta \u015fi Circul de Stat;<\/li>\n<li>sunt organizate anual serbarea Abecedarului \u015fi serbarea de Cr\u0103ciun;<\/li>\n<li>\u015fcoala colaboreaz\u0103 cu numeroase O.N.G.-uri, institu\u021bii publice \u0219i culturale, edituri, companii, \u00een derularea proiectelor educa\u021bionale pentru a oferi elevilor activit\u0103\u0163i educative \u015fi recreative, pentru a le deschide acestora noi orizonturi asupra vie\u0163ii. (Prim\u0103ria Sector 2, I.S.M.B., I.S.E., Poli\u021bia Rom\u00e2n\u0103,&nbsp; Biblioteca Metropolitan\u0103, Academia de Sport \u0219i Nutri\u021bie; Direc\u021bia de S\u0103n\u0103tate Public\u0103 Bucure\u0219ti; Asocia\u021bia EDIT,&nbsp; Maspex Romania, Asocia\u021bia Cultural\u0103 pentru Educa\u021bie prin Art\u0103, Ascendia, EuroJunior, Editura Corint, Editura Sigma, I.B.L.P., UNESCO, S.O.S. Satele copiilor, Jacobs- Kraft, EcoSens, Nestle, Colgate, Blend-a-med, Veolia etc)&nbsp;<\/li>\n<\/ul>\n<p style=\"text-align: center;\"><span style=\"color: #ff0000;\"><strong>CONDI\u0162II DE FUNC\u0162IONARE<\/strong><\/span><\/p>\n<ul>\n<li>un schimb (8.00-15.00);<\/li>\n<li>durata orelor: 50 minute; durata pauzelor: 10 minute;<\/li>\n<\/ul>\n<p>Semiinternat cu program prelungit p\u00e2n\u0103 la ora 17.00;<\/p>\n<p style=\"text-align: center;\"><span style=\"color: #ff0000;\"><strong>PROGRAMUL \u201d\u0218COAL\u0102 DUP\u0102 \u0218COAL\u0102\u201d<\/strong><\/span><\/p>\n<h5><span style=\"color: #000080;\"><a style=\"color: #000080;\" href=\"https:\/\/scoala24.eduteca.ro\/wp-content\/uploads\/2025\/10\/adresa-DGAPI-REF-SDS-REVENIRE-2.pdf\" target=\"_blank\" rel=\"noopener\"><strong>ADRESA \u0218COALA GIM. NR. 24-DGAPI REF PROGRAM \u201d\u0218D\u0218\u201d<\/strong><\/a><\/span><\/h5>\n<h5><span style=\"color: #000080;\"><a style=\"color: #000080;\" href=\"https:\/\/scoala24.eduteca.ro\/wp-content\/uploads\/2025\/10\/AVIZ-ISMB-SDS-SC-24.pdf\" target=\"_blank\" rel=\"noopener\"><strong>ADRESA ISMB-APROBARE PROGRAM \u201d\u0218D\u0218\u201d, AN \u0218COLAR 2025-2026<\/strong><\/a><\/span><\/h5>\n<h5><a href=\"https:\/\/scoala24.eduteca.ro\/wp-content\/uploads\/2025\/10\/ACORDURI-DE-PARTENERIAT-SCOALA-ASOCIATIE-REF-SDS-22-26.pdf\" target=\"_blank\" rel=\"noopener\"><strong><span style=\"color: #000080;\">ACORD PARTENERIAT \u0218D\u0218 \u0218COAL\u0102-ASOCIA\u021aIE P\u0102RIN\u021aI<\/span><\/strong><\/a><\/h5>\n<ul>\n<li>programul este aprobat de Consiliul de Administra\u021bie al unit\u0103\u021bii de \u00eenv\u0103\u021b\u0103m\u00e2nt (Decizie Nr. 96\/15.04.2025) \u0219i de Inspectoratul \u0218colar al Municipiului Bucure\u0219ti (Adres\u0103 ISMB nr&nbsp; 16902\/3\/09.07.2025);<\/li>\n<li>programul este finan\u021bat de Prim\u0103ria Sectorului 2 \u0219i Asocia\u021bia de P\u0103rin\u021bi \u0218coala 24 Bucure\u0219ti&nbsp;<\/li>\n<li>coordonator: prof. Claudia Matache-director; responsabil Comisie \u0218D\u0218: Georgeta Gheorghiu-director adjunct;<\/li>\n<li>perioada de desf\u0103\u0219urare: pe parcursul anului \u0219colar, septembrie 2025-iunie 2026;<\/li>\n<li>locul desf\u0103\u0219ur\u0103rii: s\u0103lile de clas\u0103, semiinternat, curtea \u0219colii, sala de sport, cabinetul de informatic\u0103;<\/li>\n<li>resursa uman\u0103: elevii din \u00eenv\u0103\u021b\u0103m\u00e2ntul primar \u00eenscri\u0219i \u00een programul \u0218D\u0218 (246 elevi organiza\u021bi \u00een 13 grupe), personalul didactic (13 \u00eenv\u0103\u021b\u0103tori\/prof. \u00eenv. primar), personalul didactic-auxiliar (secretar, administrator, pedagogi) din unitatea de \u00eenv\u0103\u021b\u0103m\u00e2nt, colaboratorii externi (antrenori cluburi sportive, profesori Clubul Copiilor Sector 2, speciali\u0219ti \u00een educa\u021bie).<\/li>\n<li>componen\u021b\u0103 pachetului educa\u021bional din program: activit\u0103\u021bi de educa\u021bie, complementare activit\u0103\u021bii didactice, corelate cu activit\u0103\u021bi de sus\u021binere \u0219i de dezvoltare personal\u0103 a elevilor.<\/li>\n<\/ul>\n<p>Activit\u0103\u021bile de educa\u021bie, complementare activit\u0103\u021bii didactice, cuprind urm\u0103toarele tipuri de interven\u021bii:<br \/>\na) supraveghere \u0219i \u00eendrumare \u00een efectuarea temelor;<br \/>\nb) recuperare pentru elevii cu dificult\u0103\u021bi de \u00eenv\u0103\u021bare\/ dezvoltare pentru elevii capabili de performan\u021b\u0103;<\/p>\n<p>Activit\u0103\u021bile de sus\u021binere \u0219i de dezvoltare personal\u0103 a elevilor, cuprind urm\u0103toarele tipuri de interven\u021bii:<br \/>\na) activit\u0103\u021bi remediale, de recuperare a decalajelor \u00een \u00eenv\u0103\u021bare \u0219i\/sau activit\u0103\u021bi de dezvoltare pentru elevii capabili de performan\u021b\u0103: activit\u0103\u021bi pentru accelerarea \u00eenv\u0103\u021b\u0103rii \u0219i pentru performan\u021b\u0103, preg\u0103tirea pentru participarea la concursuri, competi\u021bii \u0219colare; alte activit\u0103\u021bi specifice;&nbsp;<br \/>\nb) autocunoa\u0219tere, intercunoa\u0219tere prin activit\u0103\u021bi de dezvoltare emo\u021bional\u0103 \u0219i social\u0103;<br \/>\nc) activit\u0103\u021bi practic-aplicative pe diferite domenii (arte, \u0219tiin\u021be, tehnologii, sport etc.);<br \/>\nd) proiecte tematice;<br \/>\ne) activit\u0103\u021bi fizice \u0219i mi\u0219care;<\/p>\n<ul>\n<li>Program zilnic:<br \/>\n\u2022 masa de pr\u00e2nz (0,5 h) &#8211; \u00eengrijitor \u0219i\/sau pedagog<br \/>\n\u2022 efectuarea temelor (1 h \u2013 1,5 h) \u2013 prof. \u00eenv\u0103\u021b\u0103m\u00e2nt primar<br \/>\n\u2022 aprofundarea con\u021binuturilor \/extinderea con\u021binuturilor, (1h) &#8211; prof. \u00eenv\u0103\u021b\u0103m\u00e2nt primar<br \/>\n\u2022 activit\u0103\u021bi recreative\/cercuri\/cluburi: realizarea unor jocuri \/ activit\u0103\u021bi specifice v\u00e2rstei (sportive, liber-alese), activit\u0103\u021bi plastice \u0219i de educa\u021bie tehnologic\u0103, lectur\u0103 independent\u0103, vizion\u0103ri de filme pentru copii; jocuri pe baza softuri-lor educa\u021bionale, activit\u0103\u021bi de dezvoltare emo\u021bional\u0103 \u0219i social\u0103, demararea \u0219i realizarea unor proiecte pe diferite teme. (1 h-2 h) \u2013 profesori \u00eenv. primar, pedagog \u0219colar, colaboratori externi.<\/li>\n<\/ul>\n<h5 style=\"text-align: center;\"><span style=\"color: #ff0000;\"><strong>CONTRACTE PREST\u0102RII SERVICII \u00ceNCHEIATE PENTRU DERULAREA PROGRAMULUI \u0218.D.\u0218.<\/strong><\/span><\/h5>\n<ul>\n<li>\n<h5><a href=\"https:\/\/scoala24.eduteca.ro\/wp-content\/uploads\/2025\/10\/CONTRACT-CATERING-SDS.pdf\" target=\"_blank\" rel=\"noopener\"><span style=\"color: #000080;\"><strong>CONTRACT SERVICII CATERING<\/strong><\/span><\/a><\/h5>\n<\/li>\n<li>\n<h5><a href=\"https:\/\/scoala24.eduteca.ro\/wp-content\/uploads\/2025\/10\/CONTRACT-SERVICII-EDUCATIONALE-SDS.pdf\" target=\"_blank\" rel=\"noopener\"><span style=\"color: #000080;\"><strong>CONTRACT SERVICII EDUCA\u021aIONALE<\/strong><\/span><\/a><\/h5>\n<\/li>\n<\/ul>\n<h5 style=\"text-align: center;\"><strong><span style=\"color: #ff0000;\">DOCUMENTE UTILE &#8211; \u00ceNSCRIERE ELEVI \u00ceN PROGRAMUL \u0218D\u0218<\/span><\/strong><\/h5>\n<h5><a href=\"https:\/\/scoala24.eduteca.ro\/wp-content\/uploads\/2025\/10\/REGULAMENT-INTERN-_CERERI-ACTUALIZAT-sept-2025.pdf\" target=\"_blank\" rel=\"noopener\"><span style=\"color: #000080;\"><strong>REGULAMENT \u201d\u0218COALA DUP\u0102 \u0218COAL\u0102\u201d + CERERE \u00ceNSCRIERE\/RETRAGERE<\/strong><\/span><\/a><\/h5>\n<h5><a href=\"https:\/\/scoala24.eduteca.ro\/wp-content\/uploads\/2025\/10\/2_CONTRACT-PARTENERIAT-SCOALA-FAMILIE.pdf\" target=\"_blank\" rel=\"noopener\"><span style=\"color: #000080;\"><strong>CONTRACT PARTENERIAT \u0218COAL\u0102-FAMILIE<\/strong><\/span><\/a><\/h5>\n<h5><a href=\"https:\/\/scoala24.eduteca.ro\/wp-content\/uploads\/2025\/10\/1-ACORD-PRELUCRARE-DATE-PERSONALE-1.pdf\" target=\"_blank\" rel=\"noopener\"><span style=\"color: #000080;\"><strong>ACORD PRELUCRARE DATE PERSONALE<\/strong><\/span><\/a><\/h5>\n<p>&nbsp;<\/p>\n","protected":false},"excerpt":{"rendered":"<p>MISIUNEA \u0218COLII: \u015ecoala Gimnazial\u0103 nr 24 Bucure\u0219ti este o unitate de \u00eenv\u0103\u0163\u0103m\u00e2nt de stat, cu nivel de \u015fcolarizare primar \u015fi gimnazial, aflat\u0103 \u00een slujba comunit\u0103\u0163ii \u015fi care are ca principale deziderate: asigurarea condi\u0163iilor necesare particip\u0103rii tuturor copiilor la educa\u0163ie, inclusiv <a href=\"https:\/\/scoala24.eduteca.ro\/?page_id=34\" class=\"read-more\">Read More &#8230;<\/a><\/p>\n","protected":false},"author":1,"featured_media":0,"parent":0,"menu_order":8,"comment_status":"closed","ping_status":"closed","template":"","meta":{"ngg_post_thumbnail":0,"footnotes":""},"class_list":["post-34","page","type-page","status-publish","hentry"],"_links":{"self":[{"href":"https:\/\/scoala24.eduteca.ro\/index.php?rest_route=\/wp\/v2\/pages\/34","targetHints":{"allow":["GET"]}}],"collection":[{"href":"https:\/\/scoala24.eduteca.ro\/index.php?rest_route=\/wp\/v2\/pages"}],"about":[{"href":"https:\/\/scoala24.eduteca.ro\/index.php?rest_route=\/wp\/v2\/types\/page"}],"author":[{"embeddable":true,"href":"https:\/\/scoala24.eduteca.ro\/index.php?rest_route=\/wp\/v2\/users\/1"}],"replies":[{"embeddable":true,"href":"https:\/\/scoala24.eduteca.ro\/index.php?rest_route=%2Fwp%2Fv2%2Fcomments&post=34"}],"version-history":[{"count":60,"href":"https:\/\/scoala24.eduteca.ro\/index.php?rest_route=\/wp\/v2\/pages\/34\/revisions"}],"predecessor-version":[{"id":3581,"href":"https:\/\/scoala24.eduteca.ro\/index.php?rest_route=\/wp\/v2\/pages\/34\/revisions\/3581"}],"wp:attachment":[{"href":"https:\/\/scoala24.eduteca.ro\/index.php?rest_route=%2Fwp%2Fv2%2Fmedia&parent=34"}],"curies":[{"name":"wp","href":"https:\/\/api.w.org\/{rel}","templated":true}]}}