{"id":48,"date":"2009-09-02T14:09:15","date_gmt":"2009-09-02T11:09:15","guid":{"rendered":"http:\/\/scoala24.eduteca.ro\/?page_id=48"},"modified":"2021-03-18T23:04:25","modified_gmt":"2021-03-18T21:04:25","slug":"proiecte-derulate","status":"publish","type":"page","link":"https:\/\/scoala24.eduteca.ro\/?page_id=48","title":{"rendered":"ACTIVIT\u0102\u021aI EXTRACURRICULARE"},"content":{"rendered":"<p><strong><span style=\"color: #ff0000;\">Click<\/span><\/strong> pe link-urile de mai jos:<\/p>\n<ul>\n<li><strong><a href=\"https:\/\/www.youtube.com\/watch?v=kq6duqH8VEI\" target=\"_blank\" rel=\"noopener noreferrer\">Activitate \u00een parteneriat cu Clubul Dinamo<\/a><\/strong><\/li>\n<li><strong><a href=\"http:\/\/www.gsp.ro\/fotbal\/liga-1\/jucatorii-dinamovisti-au-fost-in-vizita-la-scoala-unde-a-invatat-reghe-laur-tinea-cu-dinamo-cind-era-mic-419536.html\">http:\/\/www.gsp.ro\/fotbal\/liga-1\/jucatorii-dinamovisti-au-fost-in-vizita-la-scoala-unde-a-invatat-reghe-laur-tinea-cu-dinamo-cind-era-mic-419536.html<\/a><\/strong><\/li>\n<li><strong><a href=\"http:\/\/www.fcdinamo.ro\/ora-de-dinamo-la-scoala-24\/\">http:\/\/www.fcdinamo.ro\/ora-de-dinamo-la-scoala-24\/<\/a><\/strong><\/li>\n<li><strong><a title=\"\u0218i eu tr\u0103iesc s\u0103n\u0103tos-Clubul SETS\" href=\"http:\/\/www.sets.ro\/ro\/cluburile-sets\/detalii-club\/?cluburi_id=106\" target=\"_blank\" rel=\"noopener noreferrer\">http:\/\/www.sets.ro\/ro\/cluburile-sets\/detalii-club\/?cluburi_id=106<\/a><\/strong><\/li>\n<li><strong><span style=\"color: #ff0000;\"><a href=\"http:\/\/klauddia1.tripod.com\/claudia\/\">CONCURSUL ANUAL AL \u0218COLII \u201dCEL MAI FRUMOS BR\u0102DU\u021a \u00ceMPODOBIT\u201d<\/a><\/span><\/strong><\/li>\n<li><strong><a href=\"http:\/\/klauddia1.tripod.com\/machetascoala_24bucuresti\/\">CONCURSUL&nbsp; NA\u021aIONAL DE CREA\u021aIE \u201eORA\u0218UL DE LAPTE\u201d<\/a><\/strong><\/li>\n<li><strong><a href=\"http:\/\/primarie24.cabanova.ro\/\" target=\"_blank\" rel=\"noopener noreferrer\">ACTIVIT\u0102\u021aI \u00ceN PARTENERIAT CU PRIM\u0102RIA SECTORULUI 2<\/a><\/strong><\/li>\n<li><strong><a href=\"http:\/\/www.sacitim24.cabanova.ro\/\" target=\"_blank\" rel=\"noopener noreferrer\">PROIECT EDUCA\u021aIONAL \u201dS\u0102 CITIM PENTRU MILENIUL III\u201d<\/a><\/strong><\/li>\n<li><strong><a href=\"http:\/\/www.springday24.cabanova.ro\/\" target=\"_blank\" rel=\"noopener noreferrer\">PROIECT EDUCA\u021aIONAL \u201dSPRINGDAY \u00ceN EUROPE\u201d<\/a><\/strong><\/li>\n<li><strong><a href=\"http:\/\/klauddia1.tripod.com\/cupe_scoala_24bucuresti\/\">CUPE SPORTIVE OB\u021aINUTE DE \u0218COALA NOASTR\u0102<\/a><\/strong><\/li>\n<li><strong><a href=\"http:\/\/www.masca24.cabanova.ro\/\" target=\"_blank\" rel=\"noopener noreferrer\">TEATRUL &#8221;MASCA&#8221;<\/a><\/strong><\/li>\n<li><strong><a href=\"http:\/\/klauddia1.tripod.com\/la_colindat_2012\/\">CORUL \u0218COLII COLIND\u0102 LA PRIM\u0102RIA SECTORULUI 2<\/a><\/strong><\/li>\n<li><strong><a href=\"http:\/\/www.patriarhie24.cabanova.ro\/\" target=\"_blank\" rel=\"noopener noreferrer\">CORUL \u0218COLII LA PATRIARHIA ROM\u00c2NIEI<\/a><\/strong><\/li>\n<li><strong><a href=\"http:\/\/www.klauddia1.cabanova.ro\/\" target=\"_blank\" rel=\"noopener noreferrer\">PROIECT EDUCA\u021aIONAL \u201dTHE FOUR SEASONS\u201d<\/a><\/strong><\/li>\n<li><strong><a href=\"http:\/\/www.salvaticopiii24.cabanova.ro\/\" target=\"_blank\" rel=\"noopener noreferrer\">PROIECT EDUCA\u021aIONAL \u00ceN PARTENERIAT CU ORGANIZA\u021aIA &#8221;SALVA\u021aI COPIII&#8217;<\/a><\/strong><\/li>\n<\/ul>\n","protected":false},"excerpt":{"rendered":"<p>Click pe link-urile de mai jos: Activitate \u00een parteneriat cu Clubul Dinamo http:\/\/www.gsp.ro\/fotbal\/liga-1\/jucatorii-dinamovisti-au-fost-in-vizita-la-scoala-unde-a-invatat-reghe-laur-tinea-cu-dinamo-cind-era-mic-419536.html http:\/\/www.fcdinamo.ro\/ora-de-dinamo-la-scoala-24\/ http:\/\/www.sets.ro\/ro\/cluburile-sets\/detalii-club\/?cluburi_id=106 CONCURSUL ANUAL AL \u0218COLII \u201dCEL MAI FRUMOS BR\u0102DU\u021a \u00ceMPODOBIT\u201d CONCURSUL&nbsp; NA\u021aIONAL DE CREA\u021aIE \u201eORA\u0218UL DE LAPTE\u201d ACTIVIT\u0102\u021aI \u00ceN PARTENERIAT CU PRIM\u0102RIA SECTORULUI 2 PROIECT EDUCA\u021aIONAL <a href=\"https:\/\/scoala24.eduteca.ro\/?page_id=48\" class=\"read-more\">Read More &#8230;<\/a><\/p>\n","protected":false},"author":1,"featured_media":0,"parent":0,"menu_order":12,"comment_status":"closed","ping_status":"closed","template":"","meta":{"ngg_post_thumbnail":0,"footnotes":""},"class_list":["post-48","page","type-page","status-publish","hentry"],"_links":{"self":[{"href":"https:\/\/scoala24.eduteca.ro\/index.php?rest_route=\/wp\/v2\/pages\/48","targetHints":{"allow":["GET"]}}],"collection":[{"href":"https:\/\/scoala24.eduteca.ro\/index.php?rest_route=\/wp\/v2\/pages"}],"about":[{"href":"https:\/\/scoala24.eduteca.ro\/index.php?rest_route=\/wp\/v2\/types\/page"}],"author":[{"embeddable":true,"href":"https:\/\/scoala24.eduteca.ro\/index.php?rest_route=\/wp\/v2\/users\/1"}],"replies":[{"embeddable":true,"href":"https:\/\/scoala24.eduteca.ro\/index.php?rest_route=%2Fwp%2Fv2%2Fcomments&post=48"}],"version-history":[{"count":23,"href":"https:\/\/scoala24.eduteca.ro\/index.php?rest_route=\/wp\/v2\/pages\/48\/revisions"}],"predecessor-version":[{"id":2452,"href":"https:\/\/scoala24.eduteca.ro\/index.php?rest_route=\/wp\/v2\/pages\/48\/revisions\/2452"}],"wp:attachment":[{"href":"https:\/\/scoala24.eduteca.ro\/index.php?rest_route=%2Fwp%2Fv2%2Fmedia&parent=48"}],"curies":[{"name":"wp","href":"https:\/\/api.w.org\/{rel}","templated":true}]}}